{"id":1408,"date":"2023-10-11T11:32:52","date_gmt":"2023-10-11T11:32:52","guid":{"rendered":"https:\/\/bienal2023.ilhantekelivakfi.org.tr\/?page_id=1408"},"modified":"2023-11-12T15:16:06","modified_gmt":"2023-11-12T15:16:06","slug":"kentte-birlikte-sanat","status":"publish","type":"page","link":"https:\/\/bienal2023.ilhantekelivakfi.org.tr\/?page_id=1408","title":{"rendered":"Kentte Birlikte Sanat"},"content":{"rendered":"\t\t<div data-elementor-type=\"wp-page\" data-elementor-id=\"1408\" class=\"elementor elementor-1408\" data-elementor-post-type=\"page\">\n\t\t\t\t\t\t\t<div class=\"elementor-element elementor-element-ea60868 e-flex e-con-boxed e-con e-parent\" data-id=\"ea60868\" data-element_type=\"container\" data-settings=\"{&quot;content_width&quot;:&quot;boxed&quot;}\" data-core-v316-plus=\"true\">\n\t\t\t\t\t<div class=\"e-con-inner\">\n\t\t\t\t<div class=\"elementor-element elementor-element-9dd9c2e elementor-invisible elementor-widget elementor-widget-heading\" data-id=\"9dd9c2e\" data-element_type=\"widget\" data-settings=\"{&quot;_animation&quot;:&quot;bounce&quot;}\" data-widget_type=\"heading.default\">\n\t\t\t\t<div class=\"elementor-widget-container\">\n\t\t\t<style>\/*! elementor - v3.16.0 - 20-09-2023 *\/\n.elementor-heading-title{padding:0;margin:0;line-height:1}.elementor-widget-heading .elementor-heading-title[class*=elementor-size-]>a{color:inherit;font-size:inherit;line-height:inherit}.elementor-widget-heading .elementor-heading-title.elementor-size-small{font-size:15px}.elementor-widget-heading .elementor-heading-title.elementor-size-medium{font-size:19px}.elementor-widget-heading .elementor-heading-title.elementor-size-large{font-size:29px}.elementor-widget-heading .elementor-heading-title.elementor-size-xl{font-size:39px}.elementor-widget-heading .elementor-heading-title.elementor-size-xxl{font-size:59px}<\/style><h2 class=\"elementor-heading-title elementor-size-default\">Kentte Birlikte K\u00fclt\u00fcr ve Sanat <\/h2>\t\t<\/div>\n\t\t\t\t<\/div>\n\t\t\t\t<div class=\"elementor-element elementor-element-fd61584 elementor-author-box--layout-image-left elementor-author-box--align-left elementor-widget elementor-widget-author-box\" data-id=\"fd61584\" data-element_type=\"widget\" data-widget_type=\"author-box.default\">\n\t\t\t\t<div class=\"elementor-widget-container\">\n\t\t\t<link rel=\"stylesheet\" href=\"https:\/\/bienal2023.ilhantekelivakfi.org.tr\/wp-content\/plugins\/elementor-pro\/assets\/css\/widget-theme-elements.min.css\">\t\t<div class=\"elementor-author-box\">\n\t\t\t\t\t\t\t<div  class=\"elementor-author-box__avatar\">\n\t\t\t\t\t<img decoding=\"async\" src=\"https:\/\/bienal2023.ilhantekelivakfi.org.tr\/wp-content\/uploads\/2023\/09\/1-03-300x300.png\" alt=\"Author picture\" loading=\"lazy\">\n\t\t\t\t<\/div>\n\t\t\t\n\t\t\t<div class=\"elementor-author-box__text\">\n\t\t\t\t\n\t\t\t\t\t\t\t\t\t<div class=\"elementor-author-box__bio\">\n\t\t\t\t\t\t<p>S1. Bir Arada Edebiyat S\u00f6yle\u015fisi: Benim Ankaram<br \/>\nS3. Alegria Korosu Konseri: \u015eehrin T\u0131n\u0131lar\u0131<br \/>\nS3A. Sokak Tiyatrosu: TABULA RASA<br \/>\nS3B. Sokak Tiyatrosu: HAYMATLOS<br \/>\nS4. ODT\u00dc T\u00fcrk Halk Bilimi Toplulu\u011fu Ba\u011flama Orkestras\u0131 Konseri: Cumhuriyetin 100. Y\u0131l\u0131nda 'ANKARA'<br \/>\nS5. Birlikte Resim Canl\u0131 Resim Performans\u0131: Ba\u015fkent Ankara\u2019n\u0131n 100. Y\u0131l\u0131nda H+H<\/p>\n\t\t\t\t\t<\/div>\n\t\t\t\t\n\t\t\t\t\t\t\t<\/div>\n\t\t<\/div>\n\t\t\t\t<\/div>\n\t\t\t\t<\/div>\n\t\t\t\t\t<\/div>\n\t\t\t\t<\/div>\n\t\t<div class=\"elementor-element elementor-element-2b33a7d e-flex e-con-boxed e-con e-parent\" data-id=\"2b33a7d\" data-element_type=\"container\" data-settings=\"{&quot;content_width&quot;:&quot;boxed&quot;}\" data-core-v316-plus=\"true\">\n\t\t\t\t\t<div class=\"e-con-inner\">\n\t\t\t\t<div class=\"elementor-element elementor-element-1f881df elementor-widget elementor-widget-text-editor\" data-id=\"1f881df\" data-element_type=\"widget\" data-widget_type=\"text-editor.default\">\n\t\t\t\t<div class=\"elementor-widget-container\">\n\t\t\t<style>\/*! elementor - v3.16.0 - 20-09-2023 *\/\n.elementor-widget-text-editor.elementor-drop-cap-view-stacked .elementor-drop-cap{background-color:#69727d;color:#fff}.elementor-widget-text-editor.elementor-drop-cap-view-framed .elementor-drop-cap{color:#69727d;border:3px solid;background-color:transparent}.elementor-widget-text-editor:not(.elementor-drop-cap-view-default) .elementor-drop-cap{margin-top:8px}.elementor-widget-text-editor:not(.elementor-drop-cap-view-default) .elementor-drop-cap-letter{width:1em;height:1em}.elementor-widget-text-editor .elementor-drop-cap{float:left;text-align:center;line-height:1;font-size:50px}.elementor-widget-text-editor .elementor-drop-cap-letter{display:inline-block}<\/style>\t\t\t\t\t\t\t\t\t\t<\/div>\n\t\t\t\t<\/div>\n\t\t\t\t\t<\/div>\n\t\t\t\t<\/div>\n\t\t<div class=\"elementor-element elementor-element-dace11e e-flex e-con-boxed e-con e-parent\" data-id=\"dace11e\" data-element_type=\"container\" data-settings=\"{&quot;content_width&quot;:&quot;boxed&quot;}\" data-core-v316-plus=\"true\">\n\t\t\t\t\t<div class=\"e-con-inner\">\n\t\t\t\t<div class=\"elementor-element elementor-element-bca1dd6 elementor-widget elementor-widget-accordion\" data-id=\"bca1dd6\" data-element_type=\"widget\" data-widget_type=\"accordion.default\">\n\t\t\t\t<div class=\"elementor-widget-container\">\n\t\t\t<style>\/*! elementor - v3.16.0 - 20-09-2023 *\/\n.elementor-accordion{text-align:left}.elementor-accordion .elementor-accordion-item{border:1px solid #d5d8dc}.elementor-accordion .elementor-accordion-item+.elementor-accordion-item{border-top:none}.elementor-accordion .elementor-tab-title{margin:0;padding:15px 20px;font-weight:700;line-height:1;cursor:pointer;outline:none}.elementor-accordion .elementor-tab-title .elementor-accordion-icon{display:inline-block;width:1.5em}.elementor-accordion .elementor-tab-title .elementor-accordion-icon svg{width:1em;height:1em}.elementor-accordion .elementor-tab-title .elementor-accordion-icon.elementor-accordion-icon-right{float:right;text-align:right}.elementor-accordion .elementor-tab-title .elementor-accordion-icon.elementor-accordion-icon-left{float:left;text-align:left}.elementor-accordion .elementor-tab-title .elementor-accordion-icon .elementor-accordion-icon-closed{display:block}.elementor-accordion .elementor-tab-title .elementor-accordion-icon .elementor-accordion-icon-opened,.elementor-accordion .elementor-tab-title.elementor-active .elementor-accordion-icon-closed{display:none}.elementor-accordion .elementor-tab-title.elementor-active .elementor-accordion-icon-opened{display:block}.elementor-accordion .elementor-tab-content{display:none;padding:15px 20px;border-top:1px solid #d5d8dc}@media (max-width:767px){.elementor-accordion .elementor-tab-title{padding:12px 15px}.elementor-accordion .elementor-tab-title .elementor-accordion-icon{width:1.2em}.elementor-accordion .elementor-tab-content{padding:7px 15px}}.e-con-inner>.elementor-widget-accordion,.e-con>.elementor-widget-accordion{width:var(--container-widget-width);--flex-grow:var(--container-widget-flex-grow)}<\/style>\t\t<div class=\"elementor-accordion\">\n\t\t\t\t\t\t\t<div class=\"elementor-accordion-item\">\n\t\t\t\t\t<div id=\"elementor-tab-title-1971\" class=\"elementor-tab-title\" data-tab=\"1\" role=\"button\" aria-controls=\"elementor-tab-content-1971\" aria-expanded=\"false\">\n\t\t\t\t\t\t\t\t\t\t\t\t\t<span class=\"elementor-accordion-icon elementor-accordion-icon-left\" aria-hidden=\"true\">\n\t\t\t\t\t\t\t\t\t\t\t\t\t\t\t<span class=\"elementor-accordion-icon-closed\"><i class=\"fas fa-plus\"><\/i><\/span>\n\t\t\t\t\t\t\t\t<span class=\"elementor-accordion-icon-opened\"><i class=\"fas fa-minus\"><\/i><\/span>\n\t\t\t\t\t\t\t\t\t\t\t\t\t\t<\/span>\n\t\t\t\t\t\t\t\t\t\t\t\t<a class=\"elementor-accordion-title\" tabindex=\"0\">S1. Bir Arada Edebiyat S\u00f6yle\u015fisi: Benim Ankaram <\/a>\n\t\t\t\t\t<\/div>\n\t\t\t\t\t<div id=\"elementor-tab-content-1971\" class=\"elementor-tab-content elementor-clearfix\" data-tab=\"1\" role=\"region\" aria-labelledby=\"elementor-tab-title-1971\"><p><img loading=\"lazy\" decoding=\"async\" class=\"aligncenter size-full wp-image-1545\" src=\"https:\/\/bienal2023.ilhantekelivakfi.org.tr\/wp-content\/uploads\/2023\/11\/1920x1080-4.png\" alt=\"\" width=\"1920\" height=\"1080\" srcset=\"https:\/\/bienal2023.ilhantekelivakfi.org.tr\/wp-content\/uploads\/2023\/11\/1920x1080-4.png 1920w, https:\/\/bienal2023.ilhantekelivakfi.org.tr\/wp-content\/uploads\/2023\/11\/1920x1080-4-300x169.png 300w, https:\/\/bienal2023.ilhantekelivakfi.org.tr\/wp-content\/uploads\/2023\/11\/1920x1080-4-1024x576.png 1024w, https:\/\/bienal2023.ilhantekelivakfi.org.tr\/wp-content\/uploads\/2023\/11\/1920x1080-4-768x432.png 768w, https:\/\/bienal2023.ilhantekelivakfi.org.tr\/wp-content\/uploads\/2023\/11\/1920x1080-4-1536x864.png 1536w\" sizes=\"auto, (max-width: 1920px) 100vw, 1920px\" \/><\/p><\/div>\n\t\t\t\t<\/div>\n\t\t\t\t\t\t\t<div class=\"elementor-accordion-item\">\n\t\t\t\t\t<div id=\"elementor-tab-title-1972\" class=\"elementor-tab-title\" data-tab=\"2\" role=\"button\" aria-controls=\"elementor-tab-content-1972\" aria-expanded=\"false\">\n\t\t\t\t\t\t\t\t\t\t\t\t\t<span class=\"elementor-accordion-icon elementor-accordion-icon-left\" aria-hidden=\"true\">\n\t\t\t\t\t\t\t\t\t\t\t\t\t\t\t<span class=\"elementor-accordion-icon-closed\"><i class=\"fas fa-plus\"><\/i><\/span>\n\t\t\t\t\t\t\t\t<span class=\"elementor-accordion-icon-opened\"><i class=\"fas fa-minus\"><\/i><\/span>\n\t\t\t\t\t\t\t\t\t\t\t\t\t\t<\/span>\n\t\t\t\t\t\t\t\t\t\t\t\t<a class=\"elementor-accordion-title\" tabindex=\"0\">S3. Alegria Korosu Konseri: \u015eehrin T\u0131n\u0131lar\u0131 <\/a>\n\t\t\t\t\t<\/div>\n\t\t\t\t\t<div id=\"elementor-tab-content-1972\" class=\"elementor-tab-content elementor-clearfix\" data-tab=\"2\" role=\"region\" aria-labelledby=\"elementor-tab-title-1972\"><p>TAR\u0130H:<\/p><div dir=\"ltr\"><div class=\"input-box\" spellcheck=\"false\"><div id=\"waffle-rich-text-editor\" class=\"cell-input editable disabled-input\" dir=\"ltr\" tabindex=\"0\" role=\"combobox\" contenteditable=\"false\" aria-autocomplete=\"list\" aria-label=\"AB21\">14.11.2023<\/div><\/div><\/div><div>\u00a0<\/div><p>SAAT:<\/p><div dir=\"ltr\"><div class=\"input-box\" spellcheck=\"false\"><div id=\"waffle-rich-text-editor\" class=\"cell-input editable disabled-input\" dir=\"ltr\" tabindex=\"0\" role=\"combobox\" contenteditable=\"false\" aria-autocomplete=\"list\" aria-label=\"AC21\">18.30-19.30<\/div><\/div><\/div><div>\u00a0<\/div><p>MEKAN:<\/p><div dir=\"ltr\"><div class=\"input-box\" spellcheck=\"false\"><div id=\"waffle-rich-text-editor\" class=\"cell-input editable disabled-input\" dir=\"ltr\" tabindex=\"0\" role=\"combobox\" contenteditable=\"false\" aria-autocomplete=\"list\" aria-label=\"AD21\">Ankara Kent Konseyi<\/div><\/div><\/div><div>\u00a0<\/div><\/div>\n\t\t\t\t<\/div>\n\t\t\t\t\t\t\t<div class=\"elementor-accordion-item\">\n\t\t\t\t\t<div id=\"elementor-tab-title-1973\" class=\"elementor-tab-title\" data-tab=\"3\" role=\"button\" aria-controls=\"elementor-tab-content-1973\" aria-expanded=\"false\">\n\t\t\t\t\t\t\t\t\t\t\t\t\t<span class=\"elementor-accordion-icon elementor-accordion-icon-left\" aria-hidden=\"true\">\n\t\t\t\t\t\t\t\t\t\t\t\t\t\t\t<span class=\"elementor-accordion-icon-closed\"><i class=\"fas fa-plus\"><\/i><\/span>\n\t\t\t\t\t\t\t\t<span class=\"elementor-accordion-icon-opened\"><i class=\"fas fa-minus\"><\/i><\/span>\n\t\t\t\t\t\t\t\t\t\t\t\t\t\t<\/span>\n\t\t\t\t\t\t\t\t\t\t\t\t<a class=\"elementor-accordion-title\" tabindex=\"0\">S3A. Sokak Tiyatrosu: TABULA RASA<\/a>\n\t\t\t\t\t<\/div>\n\t\t\t\t\t<div id=\"elementor-tab-content-1973\" class=\"elementor-tab-content elementor-clearfix\" data-tab=\"3\" role=\"region\" aria-labelledby=\"elementor-tab-title-1973\"><p><img loading=\"lazy\" decoding=\"async\" class=\"aligncenter size-full wp-image-1547\" src=\"https:\/\/bienal2023.ilhantekelivakfi.org.tr\/wp-content\/uploads\/2023\/11\/tabula-rasa-1080x1080-1.png\" alt=\"\" width=\"1080\" height=\"1080\" srcset=\"https:\/\/bienal2023.ilhantekelivakfi.org.tr\/wp-content\/uploads\/2023\/11\/tabula-rasa-1080x1080-1.png 1080w, https:\/\/bienal2023.ilhantekelivakfi.org.tr\/wp-content\/uploads\/2023\/11\/tabula-rasa-1080x1080-1-300x300.png 300w, https:\/\/bienal2023.ilhantekelivakfi.org.tr\/wp-content\/uploads\/2023\/11\/tabula-rasa-1080x1080-1-1024x1024.png 1024w, https:\/\/bienal2023.ilhantekelivakfi.org.tr\/wp-content\/uploads\/2023\/11\/tabula-rasa-1080x1080-1-150x150.png 150w, https:\/\/bienal2023.ilhantekelivakfi.org.tr\/wp-content\/uploads\/2023\/11\/tabula-rasa-1080x1080-1-768x768.png 768w, https:\/\/bienal2023.ilhantekelivakfi.org.tr\/wp-content\/uploads\/2023\/11\/tabula-rasa-1080x1080-1-120x120.png 120w, https:\/\/bienal2023.ilhantekelivakfi.org.tr\/wp-content\/uploads\/2023\/11\/tabula-rasa-1080x1080-1-270x270.png 270w, https:\/\/bienal2023.ilhantekelivakfi.org.tr\/wp-content\/uploads\/2023\/11\/tabula-rasa-1080x1080-1-60x60.png 60w, https:\/\/bienal2023.ilhantekelivakfi.org.tr\/wp-content\/uploads\/2023\/11\/tabula-rasa-1080x1080-1-70x70.png 70w, https:\/\/bienal2023.ilhantekelivakfi.org.tr\/wp-content\/uploads\/2023\/11\/tabula-rasa-1080x1080-1-400x400.png 400w, https:\/\/bienal2023.ilhantekelivakfi.org.tr\/wp-content\/uploads\/2023\/11\/tabula-rasa-1080x1080-1-500x500.png 500w\" sizes=\"auto, (max-width: 1080px) 100vw, 1080px\" \/><\/p><\/div>\n\t\t\t\t<\/div>\n\t\t\t\t\t\t\t<div class=\"elementor-accordion-item\">\n\t\t\t\t\t<div id=\"elementor-tab-title-1974\" class=\"elementor-tab-title\" data-tab=\"4\" role=\"button\" aria-controls=\"elementor-tab-content-1974\" aria-expanded=\"false\">\n\t\t\t\t\t\t\t\t\t\t\t\t\t<span class=\"elementor-accordion-icon elementor-accordion-icon-left\" aria-hidden=\"true\">\n\t\t\t\t\t\t\t\t\t\t\t\t\t\t\t<span class=\"elementor-accordion-icon-closed\"><i class=\"fas fa-plus\"><\/i><\/span>\n\t\t\t\t\t\t\t\t<span class=\"elementor-accordion-icon-opened\"><i class=\"fas fa-minus\"><\/i><\/span>\n\t\t\t\t\t\t\t\t\t\t\t\t\t\t<\/span>\n\t\t\t\t\t\t\t\t\t\t\t\t<a class=\"elementor-accordion-title\" tabindex=\"0\">S3B. Sokak Tiyatrosu: HAYMATLOS<\/a>\n\t\t\t\t\t<\/div>\n\t\t\t\t\t<div id=\"elementor-tab-content-1974\" class=\"elementor-tab-content elementor-clearfix\" data-tab=\"4\" role=\"region\" aria-labelledby=\"elementor-tab-title-1974\"><p><img loading=\"lazy\" decoding=\"async\" class=\"aligncenter size-full wp-image-1548\" src=\"https:\/\/bienal2023.ilhantekelivakfi.org.tr\/wp-content\/uploads\/2023\/11\/haymatlos-1080x1080-1.png\" alt=\"\" width=\"1080\" height=\"1080\" srcset=\"https:\/\/bienal2023.ilhantekelivakfi.org.tr\/wp-content\/uploads\/2023\/11\/haymatlos-1080x1080-1.png 1080w, https:\/\/bienal2023.ilhantekelivakfi.org.tr\/wp-content\/uploads\/2023\/11\/haymatlos-1080x1080-1-300x300.png 300w, https:\/\/bienal2023.ilhantekelivakfi.org.tr\/wp-content\/uploads\/2023\/11\/haymatlos-1080x1080-1-1024x1024.png 1024w, https:\/\/bienal2023.ilhantekelivakfi.org.tr\/wp-content\/uploads\/2023\/11\/haymatlos-1080x1080-1-150x150.png 150w, https:\/\/bienal2023.ilhantekelivakfi.org.tr\/wp-content\/uploads\/2023\/11\/haymatlos-1080x1080-1-768x768.png 768w, https:\/\/bienal2023.ilhantekelivakfi.org.tr\/wp-content\/uploads\/2023\/11\/haymatlos-1080x1080-1-120x120.png 120w, https:\/\/bienal2023.ilhantekelivakfi.org.tr\/wp-content\/uploads\/2023\/11\/haymatlos-1080x1080-1-270x270.png 270w, https:\/\/bienal2023.ilhantekelivakfi.org.tr\/wp-content\/uploads\/2023\/11\/haymatlos-1080x1080-1-60x60.png 60w, https:\/\/bienal2023.ilhantekelivakfi.org.tr\/wp-content\/uploads\/2023\/11\/haymatlos-1080x1080-1-70x70.png 70w, https:\/\/bienal2023.ilhantekelivakfi.org.tr\/wp-content\/uploads\/2023\/11\/haymatlos-1080x1080-1-400x400.png 400w, https:\/\/bienal2023.ilhantekelivakfi.org.tr\/wp-content\/uploads\/2023\/11\/haymatlos-1080x1080-1-500x500.png 500w\" sizes=\"auto, (max-width: 1080px) 100vw, 1080px\" \/><\/p><\/div>\n\t\t\t\t<\/div>\n\t\t\t\t\t\t\t<div class=\"elementor-accordion-item\">\n\t\t\t\t\t<div id=\"elementor-tab-title-1975\" class=\"elementor-tab-title\" data-tab=\"5\" role=\"button\" aria-controls=\"elementor-tab-content-1975\" aria-expanded=\"false\">\n\t\t\t\t\t\t\t\t\t\t\t\t\t<span class=\"elementor-accordion-icon elementor-accordion-icon-left\" aria-hidden=\"true\">\n\t\t\t\t\t\t\t\t\t\t\t\t\t\t\t<span class=\"elementor-accordion-icon-closed\"><i class=\"fas fa-plus\"><\/i><\/span>\n\t\t\t\t\t\t\t\t<span class=\"elementor-accordion-icon-opened\"><i class=\"fas fa-minus\"><\/i><\/span>\n\t\t\t\t\t\t\t\t\t\t\t\t\t\t<\/span>\n\t\t\t\t\t\t\t\t\t\t\t\t<a class=\"elementor-accordion-title\" tabindex=\"0\">S4. ODT\u00dc T\u00fcrk Halk Bilimi Toplulu\u011fu Ba\u011flama Orkestras\u0131 Konseri: Cumhuriyetin 100. Y\u0131l\u0131nda 'ANKARA'<\/a>\n\t\t\t\t\t<\/div>\n\t\t\t\t\t<div id=\"elementor-tab-content-1975\" class=\"elementor-tab-content elementor-clearfix\" data-tab=\"5\" role=\"region\" aria-labelledby=\"elementor-tab-title-1975\"><p><img loading=\"lazy\" decoding=\"async\" class=\"aligncenter size-full wp-image-1549\" src=\"https:\/\/bienal2023.ilhantekelivakfi.org.tr\/wp-content\/uploads\/2023\/11\/1920X1080-5.png\" alt=\"\" width=\"1920\" height=\"1080\" srcset=\"https:\/\/bienal2023.ilhantekelivakfi.org.tr\/wp-content\/uploads\/2023\/11\/1920X1080-5.png 1920w, https:\/\/bienal2023.ilhantekelivakfi.org.tr\/wp-content\/uploads\/2023\/11\/1920X1080-5-300x169.png 300w, https:\/\/bienal2023.ilhantekelivakfi.org.tr\/wp-content\/uploads\/2023\/11\/1920X1080-5-1024x576.png 1024w, https:\/\/bienal2023.ilhantekelivakfi.org.tr\/wp-content\/uploads\/2023\/11\/1920X1080-5-768x432.png 768w, https:\/\/bienal2023.ilhantekelivakfi.org.tr\/wp-content\/uploads\/2023\/11\/1920X1080-5-1536x864.png 1536w\" sizes=\"auto, (max-width: 1920px) 100vw, 1920px\" \/><\/p><\/div>\n\t\t\t\t<\/div>\n\t\t\t\t\t\t\t<div class=\"elementor-accordion-item\">\n\t\t\t\t\t<div id=\"elementor-tab-title-1976\" class=\"elementor-tab-title\" data-tab=\"6\" role=\"button\" aria-controls=\"elementor-tab-content-1976\" aria-expanded=\"false\">\n\t\t\t\t\t\t\t\t\t\t\t\t\t<span class=\"elementor-accordion-icon elementor-accordion-icon-left\" aria-hidden=\"true\">\n\t\t\t\t\t\t\t\t\t\t\t\t\t\t\t<span class=\"elementor-accordion-icon-closed\"><i class=\"fas fa-plus\"><\/i><\/span>\n\t\t\t\t\t\t\t\t<span class=\"elementor-accordion-icon-opened\"><i class=\"fas fa-minus\"><\/i><\/span>\n\t\t\t\t\t\t\t\t\t\t\t\t\t\t<\/span>\n\t\t\t\t\t\t\t\t\t\t\t\t<a class=\"elementor-accordion-title\" tabindex=\"0\">S5. Birlikte Resim Canl\u0131 Resim Performans\u0131: Ba\u015fkent Ankara\u2019n\u0131n 100. Y\u0131l\u0131nda H+H<\/a>\n\t\t\t\t\t<\/div>\n\t\t\t\t\t<div id=\"elementor-tab-content-1976\" class=\"elementor-tab-content elementor-clearfix\" data-tab=\"6\" role=\"region\" aria-labelledby=\"elementor-tab-title-1976\"><p><img loading=\"lazy\" decoding=\"async\" class=\"aligncenter size-full wp-image-1550\" src=\"https:\/\/bienal2023.ilhantekelivakfi.org.tr\/wp-content\/uploads\/2023\/11\/1920x1080-6.png\" alt=\"\" width=\"1920\" height=\"1080\" srcset=\"https:\/\/bienal2023.ilhantekelivakfi.org.tr\/wp-content\/uploads\/2023\/11\/1920x1080-6.png 1920w, https:\/\/bienal2023.ilhantekelivakfi.org.tr\/wp-content\/uploads\/2023\/11\/1920x1080-6-300x169.png 300w, https:\/\/bienal2023.ilhantekelivakfi.org.tr\/wp-content\/uploads\/2023\/11\/1920x1080-6-1024x576.png 1024w, https:\/\/bienal2023.ilhantekelivakfi.org.tr\/wp-content\/uploads\/2023\/11\/1920x1080-6-768x432.png 768w, https:\/\/bienal2023.ilhantekelivakfi.org.tr\/wp-content\/uploads\/2023\/11\/1920x1080-6-1536x864.png 1536w\" sizes=\"auto, (max-width: 1920px) 100vw, 1920px\" \/><\/p><\/div>\n\t\t\t\t<\/div>\n\t\t\t\t\t\t\t\t<\/div>\n\t\t\t\t<\/div>\n\t\t\t\t<\/div>\n\t\t\t\t\t<\/div>\n\t\t\t\t<\/div>\n\t\t<div class=\"elementor-element elementor-element-d90f61f e-flex e-con-boxed e-con e-parent\" data-id=\"d90f61f\" data-element_type=\"container\" data-settings=\"{&quot;content_width&quot;:&quot;boxed&quot;}\" data-core-v316-plus=\"true\">\n\t\t\t\t\t<div class=\"e-con-inner\">\n\t\t\t\t\t<\/div>\n\t\t\t\t<\/div>\n\t\t\t\t\t\t\t<\/div>\n\t\t","protected":false},"excerpt":{"rendered":"<p>Kentte Birlikte K\u00fclt\u00fcr ve Sanat S1. Bir Arada Edebiyat S\u00f6yle\u015fisi: Benim Ankaram S3. Alegria Korosu Konseri: \u015eehrin T\u0131n\u0131lar\u0131 TAR\u0130H: 14.11.2023\u00a0 SAAT: 18.30-19.30\u00a0 MEKAN: Ankara Kent Konseyi\u00a0 S3A. Sokak Tiyatrosu: TABULA [&hellip;]<\/p>\n","protected":false},"author":1,"featured_media":0,"parent":0,"menu_order":0,"comment_status":"closed","ping_status":"closed","template":"","meta":{"footnotes":""},"class_list":["post-1408","page","type-page","status-publish","hentry"],"_links":{"self":[{"href":"https:\/\/bienal2023.ilhantekelivakfi.org.tr\/index.php?rest_route=\/wp\/v2\/pages\/1408","targetHints":{"allow":["GET"]}}],"collection":[{"href":"https:\/\/bienal2023.ilhantekelivakfi.org.tr\/index.php?rest_route=\/wp\/v2\/pages"}],"about":[{"href":"https:\/\/bienal2023.ilhantekelivakfi.org.tr\/index.php?rest_route=\/wp\/v2\/types\/page"}],"author":[{"embeddable":true,"href":"https:\/\/bienal2023.ilhantekelivakfi.org.tr\/index.php?rest_route=\/wp\/v2\/users\/1"}],"replies":[{"embeddable":true,"href":"https:\/\/bienal2023.ilhantekelivakfi.org.tr\/index.php?rest_route=%2Fwp%2Fv2%2Fcomments&post=1408"}],"version-history":[{"count":16,"href":"https:\/\/bienal2023.ilhantekelivakfi.org.tr\/index.php?rest_route=\/wp\/v2\/pages\/1408\/revisions"}],"predecessor-version":[{"id":1553,"href":"https:\/\/bienal2023.ilhantekelivakfi.org.tr\/index.php?rest_route=\/wp\/v2\/pages\/1408\/revisions\/1553"}],"wp:attachment":[{"href":"https:\/\/bienal2023.ilhantekelivakfi.org.tr\/index.php?rest_route=%2Fwp%2Fv2%2Fmedia&parent=1408"}],"curies":[{"name":"wp","href":"https:\/\/api.w.org\/{rel}","templated":true}]}}